{"id":3520,"date":"2016-08-31T05:33:40","date_gmt":"2016-08-31T05:33:40","guid":{"rendered":"http:\/\/parafiabesko.pl\/?page_id=3520"},"modified":"2016-08-31T05:33:40","modified_gmt":"2016-08-31T05:33:40","slug":"posluga-sakramentalna","status":"publish","type":"page","link":"https:\/\/parafiabesko.pl\/?page_id=3520","title":{"rendered":"Pos\u0142uga sakramentalna"},"content":{"rendered":"<div class=\"widget frontpage-widget mw-widget-nav-menu\" id=\"mw-widget-nav-menu-7\">\n<div class=\"widget-boxed has-head\">\n<div class=\"widget-body\">\n<ul class=\"mw-widget-nav-menu-list\" id=\"menu-posluga-sakramentalna\">\n<li class=\"menu-item menu-item-type-post_type menu-item-object-page menu-item-847\" id=\"menu-item-847\">\n\t\t\t\t\t<a href=\"https:\/\/parafiabesko.pl\/czym-sa-sakramenty-swiete\/\">Czym s\u0105 sakramenty \u015bwi\u0119te?<\/a>\n\t\t\t\t<\/li>\n<li class=\"menu-item menu-item-type-post_type menu-item-object-page menu-item-367\" id=\"menu-item-367\">\n\t\t\t\t\t<a href=\"https:\/\/parafiabesko.pl\/chrzest-2\/\">Chrzest<\/a>\n\t\t\t\t<\/li>\n<li class=\"menu-item menu-item-type-post_type menu-item-object-page menu-item-366\" id=\"menu-item-366\">\n\t\t\t\t\t<a href=\"https:\/\/parafiabesko.pl\/chrzest\/\">Bierzmowanie<\/a>\n\t\t\t\t<\/li>\n<li class=\"menu-item menu-item-type-post_type menu-item-object-page menu-item-368\" id=\"menu-item-368\">\n\t\t\t\t\t<a href=\"https:\/\/parafiabesko.pl\/eucharystia\/\">Eucharystia<\/a>\n\t\t\t\t<\/li>\n<li class=\"menu-item menu-item-type-post_type menu-item-object-page menu-item-372\" id=\"menu-item-372\">\n\t\t\t\t\t<a href=\"https:\/\/parafiabesko.pl\/pokuta\/\">Pokuta i Pojednanie<\/a>\n\t\t\t\t<\/li>\n<li class=\"menu-item menu-item-type-post_type menu-item-object-page menu-item-371\" id=\"menu-item-371\">\n\t\t\t\t\t<a href=\"https:\/\/parafiabesko.pl\/namaszczenie-chorych\/\">Namaszczenie chorych<\/a>\n\t\t\t\t<\/li>\n<li class=\"menu-item menu-item-type-post_type menu-item-object-page menu-item-870\" id=\"menu-item-870\">\n\t\t\t\t\t<a href=\"https:\/\/parafiabesko.pl\/odwiedziny-chorych-i-seniorow\/\">Odwiedziny chorych i senior&oacute;w<\/a>\n\t\t\t\t<\/li>\n<li class=\"menu-item menu-item-type-post_type menu-item-object-page menu-item-369\" id=\"menu-item-369\">\n\t\t\t\t\t<a href=\"https:\/\/parafiabesko.pl\/kaplanstwo\/\">Kap\u0142a\u0144stwo<\/a>\n\t\t\t\t<\/li>\n<li class=\"menu-item menu-item-type-post_type menu-item-object-page menu-item-370\" id=\"menu-item-370\">\n\t\t\t\t\t<a href=\"https:\/\/parafiabesko.pl\/malzenstwo\/\">Ma\u0142\u017ce\u0144stwo<\/a>\n\t\t\t\t<\/li>\n<li class=\"menu-item menu-item-type-post_type menu-item-object-page menu-item-391\" id=\"menu-item-391\">\n\t\t\t\t\t<a href=\"https:\/\/parafiabesko.pl\/pogrzeb-chrzescijanski\/\">Pogrzeb chrze\u015bcija\u0144ski<\/a>\n\t\t\t\t<\/li>\n<\/ul><\/div>\n<\/p><\/div>\n<\/div>\n","protected":false},"excerpt":{"rendered":"<p>Czym s\u0105 sakramenty \u015bwi\u0119te? Chrzest Bierzmowanie Eucharystia Pokuta i Pojednanie Namaszczenie chorych Odwiedziny chorych i senior&oacute;w Kap\u0142a\u0144stwo Ma\u0142\u017ce\u0144stwo Pogrzeb chrze\u015bcija\u0144ski<span class=\"more-link\"><a href=\"https:\/\/parafiabesko.pl\/?page_id=3520\">Czytaj wi\u0119cej<\/a><\/span><\/p>\n","protected":false},"author":1,"featured_media":0,"parent":0,"menu_order":0,"comment_status":"closed","ping_status":"closed","template":"","meta":{"footnotes":""},"class_list":["entry","author-adminparafiibesko","post-3520","page","type-page","status-publish"],"_links":{"self":[{"href":"https:\/\/parafiabesko.pl\/index.php?rest_route=\/wp\/v2\/pages\/3520","targetHints":{"allow":["GET"]}}],"collection":[{"href":"https:\/\/parafiabesko.pl\/index.php?rest_route=\/wp\/v2\/pages"}],"about":[{"href":"https:\/\/parafiabesko.pl\/index.php?rest_route=\/wp\/v2\/types\/page"}],"author":[{"embeddable":true,"href":"https:\/\/parafiabesko.pl\/index.php?rest_route=\/wp\/v2\/users\/1"}],"replies":[{"embeddable":true,"href":"https:\/\/parafiabesko.pl\/index.php?rest_route=%2Fwp%2Fv2%2Fcomments&post=3520"}],"version-history":[{"count":0,"href":"https:\/\/parafiabesko.pl\/index.php?rest_route=\/wp\/v2\/pages\/3520\/revisions"}],"wp:attachment":[{"href":"https:\/\/parafiabesko.pl\/index.php?rest_route=%2Fwp%2Fv2%2Fmedia&parent=3520"}],"curies":[{"name":"wp","href":"https:\/\/api.w.org\/{rel}","templated":true}]}}